{"id":121,"date":"2017-10-19T16:42:11","date_gmt":"2017-10-19T14:42:11","guid":{"rendered":"http:\/\/tatzenladen.aix-dev.de\/?page_id=121"},"modified":"2024-06-15T17:55:48","modified_gmt":"2024-06-15T15:55:48","slug":"contact","status":"publish","type":"page","link":"https:\/\/www.tatzenladen.de\/en\/service\/contact\/","title":{"rendered":"Contact us"},"content":{"rendered":"\n<h2>Contact us\n<img loading=\"lazy\" class=\"alignleft size-full wp-image-357\" src=\"https:\/\/www.tatzenladen.de\/wp-content\/uploads\/2017\/10\/strich_pfote.jpg\" alt=\"\" width=\"1368\" height=\"51\" srcset=\"https:\/\/www.tatzenladen.de\/wp-content\/uploads\/2017\/10\/strich_pfote.jpg 1368w, https:\/\/www.tatzenladen.de\/wp-content\/uploads\/2017\/10\/strich_pfote-300x11.jpg 300w, https:\/\/www.tatzenladen.de\/wp-content\/uploads\/2017\/10\/strich_pfote-768x29.jpg 768w, https:\/\/www.tatzenladen.de\/wp-content\/uploads\/2017\/10\/strich_pfote-1024x38.jpg 1024w\" sizes=\"(max-width: 1368px) 100vw, 1368px\" \/><\/h1>\n<img loading=\"lazy\" class=\"alignleft wp-image-2090\" src=\"https:\/\/www.tatzenladen.de\/wp-content\/uploads\/2024\/06\/Schwarzerkater-1.jpg\" alt=\"\" width=\"220\" height=\"193\"><br><br>\n\nTatzenladen<br>\nInh. Nicole Kipp-Meilwes<br>\nSchnurrehof &#8211;&nbsp; B\u00e4rensh\u00f6fter Stra\u00dfe 16<br>\n24980 Schafflund (Germany)<br><br>\n\nby Phone&nbsp;&nbsp;&nbsp; +49 (0) 4832 \/ 97 98 51<br>\nby e-mail&nbsp;&nbsp;&nbsp;&nbsp; info (at) tatzenladen.de<br><br><br>\n\n<strong>Our Office hours are<\/strong><br>\nMon., Tues., Thurs.,  10.00-12.00 Uhr<br>Mon., Tues., Thurs.  15.00-18.00 Uhr<br><br>\n\nWe are a small&nbsp;family run business, so&nbsp;please note, that we are closed on weekends and holidays.<br>\n\nIf you have any questions, please contact us and let us know how we can help you!<br><br>\n\n<img loading=\"lazy\" class=\"alignleft size-full wp-image-315\" src=\"https:\/\/www.tatzenladen.de\/wp-content\/uploads\/2017\/10\/strich_grau_lang.jpg\" alt=\"\" width=\"1368\" height=\"20\" srcset=\"https:\/\/www.tatzenladen.de\/wp-content\/uploads\/2017\/10\/strich_grau_lang.jpg 1368w, https:\/\/www.tatzenladen.de\/wp-content\/uploads\/2017\/10\/strich_grau_lang-300x4.jpg 300w, https:\/\/www.tatzenladen.de\/wp-content\/uploads\/2017\/10\/strich_grau_lang-768x11.jpg 768w, https:\/\/www.tatzenladen.de\/wp-content\/uploads\/2017\/10\/strich_grau_lang-1024x15.jpg 1024w\" sizes=\"(max-width: 1368px) 100vw, 1368px\" \/>\n","protected":false},"excerpt":{"rendered":"<p>Contact us Tatzenladen Inh. Nicole Kipp-Meilwes Schnurrehof &#8211;&nbsp; B\u00e4rensh\u00f6fter Stra\u00dfe 16 24980 Schafflund (Germany) by Phone&nbsp;&nbsp;&nbsp; +49 (0) 4832 \/ 97 98 51 by e-mail&nbsp;&nbsp;&nbsp;&nbsp; info (at) tatzenladen.de Our Office hours are Mon., Tues., Thurs., 10.00-12.00 UhrMon., Tues., Thurs. 15.00-18.00 Uhr We are a small&nbsp;family run business, so&nbsp;please note, that we are closed on weekends [&#8230;]\n","protected":false},"author":1,"featured_media":0,"parent":125,"menu_order":0,"comment_status":"closed","ping_status":"closed","template":"","meta":[],"_links":{"self":[{"href":"https:\/\/www.tatzenladen.de\/en\/wp-json\/wp\/v2\/pages\/121"}],"collection":[{"href":"https:\/\/www.tatzenladen.de\/en\/wp-json\/wp\/v2\/pages"}],"about":[{"href":"https:\/\/www.tatzenladen.de\/en\/wp-json\/wp\/v2\/types\/page"}],"author":[{"embeddable":true,"href":"https:\/\/www.tatzenladen.de\/en\/wp-json\/wp\/v2\/users\/1"}],"replies":[{"embeddable":true,"href":"https:\/\/www.tatzenladen.de\/en\/wp-json\/wp\/v2\/comments?post=121"}],"version-history":[{"count":28,"href":"https:\/\/www.tatzenladen.de\/en\/wp-json\/wp\/v2\/pages\/121\/revisions"}],"predecessor-version":[{"id":3231,"href":"https:\/\/www.tatzenladen.de\/en\/wp-json\/wp\/v2\/pages\/121\/revisions\/3231"}],"up":[{"embeddable":true,"href":"https:\/\/www.tatzenladen.de\/en\/wp-json\/wp\/v2\/pages\/125"}],"wp:attachment":[{"href":"https:\/\/www.tatzenladen.de\/en\/wp-json\/wp\/v2\/media?parent=121"}],"curies":[{"name":"wp","href":"https:\/\/api.w.org\/{rel}","templated":true}]}}